{"id":3,"date":"2025-11-25T15:45:23","date_gmt":"2025-11-25T15:45:23","guid":{"rendered":"http:\/\/cg-proprete.fr\/?page_id=3"},"modified":"2025-12-15T09:30:36","modified_gmt":"2025-12-15T09:30:36","slug":"privacy-policy","status":"publish","type":"page","link":"https:\/\/cg-proprete.fr\/?page_id=3","title":{"rendered":"Mentions l\u00e9gales"},"content":{"rendered":"\t\t<div data-elementor-type=\"wp-page\" data-elementor-id=\"3\" class=\"elementor elementor-3\">\n\t\t\t\t<div class=\"elementor-element elementor-element-258ffaba e-flex e-con-boxed e-con e-parent\" data-id=\"258ffaba\" data-element_type=\"container\">\n\t\t\t\t\t<div class=\"e-con-inner\">\n\t\t\t\t<div class=\"elementor-element elementor-element-748d8132 elementor-widget-divider--separator-type-pattern elementor-widget-divider--no-spacing elementor-widget-divider--view-line elementor-widget elementor-widget-divider\" data-id=\"748d8132\" data-element_type=\"widget\" data-widget_type=\"divider.default\">\n\t\t\t\t\t\t\t<div class=\"elementor-divider\" style=\"--divider-pattern-url: url(&quot;data:image\/svg+xml,%3Csvg xmlns=&#039;http:\/\/www.w3.org\/2000\/svg&#039; preserveAspectRatio=&#039;none&#039; overflow=&#039;visible&#039; height=&#039;100%&#039; viewBox=&#039;0 0 24 24&#039; fill=&#039;black&#039; stroke=&#039;none&#039;%3E%3Cpath d=&#039;M24,8v12H0V8H24z M24,4v1H0V4H24z&#039;\/%3E%3C\/svg%3E&quot;);\">\n\t\t\t<span class=\"elementor-divider-separator\">\n\t\t\t\t\t\t<\/span>\n\t\t<\/div>\n\t\t\t\t\t\t<\/div>\n\t\t\t\t\t<\/div>\n\t\t\t\t<\/div>\n\t\t<div class=\"elementor-element elementor-element-4c6866dc e-flex e-con-boxed e-con e-parent\" data-id=\"4c6866dc\" data-element_type=\"container\">\n\t\t\t\t\t<div class=\"e-con-inner\">\n\t\t\t\t<div class=\"elementor-element elementor-element-2aa01e3b elementor-widget elementor-widget-text-editor\" data-id=\"2aa01e3b\" data-element_type=\"widget\" data-widget_type=\"text-editor.default\">\n\t\t\t\t\t\t\t\t\t<ul>\n<li><strong>Editeur du Site :<\/strong>\u00a0CG PROPRET\u00c9<\/li>\n<li><strong>Si\u00e8ge social\u00a0<\/strong><strong>:<\/strong>\u00a018 CHEMIN SANSOU<\/li>\n<li><strong>Capital social<\/strong>\u00a0:\u00a01 000 euros<\/li>\n<li><strong>RCS Toulouse\u00a0<\/strong><strong>:<\/strong>\u00a0830 887 519<\/li>\n<li><strong>N\u00b0TVA intracommunautaire\u00a0<\/strong><strong>:<\/strong>\u00a0FR25830887519<\/li>\n<li><strong>Email\u00a0<\/strong><strong>:<\/strong>\u00a0cgproprete@gmail.com<\/li>\n<li><strong>Num\u00e9ro de t\u00e9l\u00e9phone\u00a0<\/strong><strong>:<\/strong>\u00a006.87.55.16.95<\/li>\n<li><strong>Directrice de la publication :<\/strong>\u00a0CAMILLE GASTON<\/li>\n<li><strong>H\u00e9bergeur de l\u2019application :<\/strong>\u00a0OVH Si\u00e8ge social\u00a0: 2 rue Kerllmann, 59100 Roubaix<\/li>\n<li><strong>Lieu d\u2019h\u00e9bergement des donn\u00e9es\u00a0<\/strong><strong>:<\/strong>\u00a0France<\/li>\n<\/ul>\t\t\t\t\t\t\t\t<\/div>\n\t\t\t\t\t<\/div>\n\t\t\t\t<\/div>\n\t\t\t\t<\/div>\n\t\t","protected":false},"excerpt":{"rendered":"<p>Editeur du Site :\u00a0CG PROPRET\u00c9 Si\u00e8ge social\u00a0:\u00a018 CHEMIN SANSOU Capital social\u00a0:\u00a01 000 euros RCS Toulouse\u00a0:\u00a0830 887 519 N\u00b0TVA intracommunautaire\u00a0:\u00a0FR25830887519 Email\u00a0:\u00a0cgproprete@gmail.com Num\u00e9ro de t\u00e9l\u00e9phone\u00a0:\u00a006.87.55.16.95 Directrice de la publication :\u00a0CAMILLE GASTON H\u00e9bergeur de l\u2019application :\u00a0OVH Si\u00e8ge social\u00a0: 2 rue Kerllmann, 59100 Roubaix Lieu d\u2019h\u00e9bergement des donn\u00e9es\u00a0:\u00a0France<\/p>\n","protected":false},"author":1,"featured_media":0,"parent":0,"menu_order":0,"comment_status":"closed","ping_status":"open","template":"","meta":{"neve_meta_sidebar":"","neve_meta_container":"","neve_meta_enable_content_width":"","neve_meta_content_width":0,"neve_meta_title_alignment":"","neve_meta_author_avatar":"","neve_post_elements_order":"","neve_meta_disable_header":"","neve_meta_disable_footer":"","neve_meta_disable_title":"","footnotes":""},"class_list":["post-3","page","type-page","status-publish","hentry"],"yoast_head":"<!-- This site is optimized with the Yoast SEO plugin v26.5 - https:\/\/yoast.com\/wordpress\/plugins\/seo\/ -->\n<title>Mentions l\u00e9gales - CG propret\u00e9 - Nettoyage courant de vos b\u00e2timents et installations<\/title>\n<meta name=\"robots\" content=\"index, follow, max-snippet:-1, max-image-preview:large, max-video-preview:-1\" \/>\n<link rel=\"canonical\" href=\"https:\/\/cg-proprete.fr\/?page_id=3\" \/>\n<meta property=\"og:locale\" content=\"fr_FR\" \/>\n<meta property=\"og:type\" content=\"article\" \/>\n<meta property=\"og:title\" content=\"Mentions l\u00e9gales - CG propret\u00e9 - Nettoyage courant de vos b\u00e2timents et installations\" \/>\n<meta property=\"og:description\" content=\"Editeur du Site :\u00a0CG PROPRET\u00c9 Si\u00e8ge social\u00a0:\u00a018 CHEMIN SANSOU Capital social\u00a0:\u00a01 000 euros RCS Toulouse\u00a0:\u00a0830 887 519 N\u00b0TVA intracommunautaire\u00a0:\u00a0FR25830887519 Email\u00a0:\u00a0cgproprete@gmail.com Num\u00e9ro de t\u00e9l\u00e9phone\u00a0:\u00a006.87.55.16.95 Directrice de la publication :\u00a0CAMILLE GASTON H\u00e9bergeur de l\u2019application :\u00a0OVH Si\u00e8ge social\u00a0: 2 rue Kerllmann, 59100 Roubaix Lieu d\u2019h\u00e9bergement des donn\u00e9es\u00a0:\u00a0France\" \/>\n<meta property=\"og:url\" content=\"https:\/\/cg-proprete.fr\/?page_id=3\" \/>\n<meta property=\"og:site_name\" content=\"CG propret\u00e9 - Nettoyage courant de vos b\u00e2timents et installations\" \/>\n<meta property=\"article:modified_time\" content=\"2025-12-15T09:30:36+00:00\" \/>\n<meta name=\"twitter:card\" content=\"summary_large_image\" \/>\n<meta name=\"twitter:label1\" content=\"Dur\u00e9e de lecture estim\u00e9e\" \/>\n\t<meta name=\"twitter:data1\" content=\"1 minute\" \/>\n<script type=\"application\/ld+json\" class=\"yoast-schema-graph\">{\"@context\":\"https:\/\/schema.org\",\"@graph\":[{\"@type\":\"WebPage\",\"@id\":\"https:\/\/cg-proprete.fr\/?page_id=3\",\"url\":\"https:\/\/cg-proprete.fr\/?page_id=3\",\"name\":\"Mentions l\u00e9gales - CG propret\u00e9 - Nettoyage courant de vos b\u00e2timents et installations\",\"isPartOf\":{\"@id\":\"https:\/\/cg-proprete.fr\/#website\"},\"datePublished\":\"2025-11-25T15:45:23+00:00\",\"dateModified\":\"2025-12-15T09:30:36+00:00\",\"breadcrumb\":{\"@id\":\"https:\/\/cg-proprete.fr\/?page_id=3#breadcrumb\"},\"inLanguage\":\"fr-FR\",\"potentialAction\":[{\"@type\":\"ReadAction\",\"target\":[\"https:\/\/cg-proprete.fr\/?page_id=3\"]}]},{\"@type\":\"BreadcrumbList\",\"@id\":\"https:\/\/cg-proprete.fr\/?page_id=3#breadcrumb\",\"itemListElement\":[{\"@type\":\"ListItem\",\"position\":1,\"name\":\"Accueil\",\"item\":\"https:\/\/cg-proprete.fr\/\"},{\"@type\":\"ListItem\",\"position\":2,\"name\":\"Mentions l\u00e9gales\"}]},{\"@type\":\"WebSite\",\"@id\":\"https:\/\/cg-proprete.fr\/#website\",\"url\":\"https:\/\/cg-proprete.fr\/\",\"name\":\"CG propret\u00e9\",\"description\":\"Nettoyage courant de vos b\u00e2timents et installations\",\"publisher\":{\"@id\":\"https:\/\/cg-proprete.fr\/#organization\"},\"potentialAction\":[{\"@type\":\"SearchAction\",\"target\":{\"@type\":\"EntryPoint\",\"urlTemplate\":\"https:\/\/cg-proprete.fr\/?s={search_term_string}\"},\"query-input\":{\"@type\":\"PropertyValueSpecification\",\"valueRequired\":true,\"valueName\":\"search_term_string\"}}],\"inLanguage\":\"fr-FR\"},{\"@type\":\"Organization\",\"@id\":\"https:\/\/cg-proprete.fr\/#organization\",\"name\":\"CG propret\u00e9\",\"url\":\"https:\/\/cg-proprete.fr\/\",\"logo\":{\"@type\":\"ImageObject\",\"inLanguage\":\"fr-FR\",\"@id\":\"https:\/\/cg-proprete.fr\/#\/schema\/logo\/image\/\",\"url\":\"https:\/\/cg-proprete.fr\/wp-content\/uploads\/2025\/11\/CG-PROPRETE-LOGO.png\",\"contentUrl\":\"https:\/\/cg-proprete.fr\/wp-content\/uploads\/2025\/11\/CG-PROPRETE-LOGO.png\",\"width\":1156,\"height\":1207,\"caption\":\"CG propret\u00e9\"},\"image\":{\"@id\":\"https:\/\/cg-proprete.fr\/#\/schema\/logo\/image\/\"}}]}<\/script>\n<!-- \/ Yoast SEO plugin. -->","yoast_head_json":{"title":"Mentions l\u00e9gales - CG propret\u00e9 - Nettoyage courant de vos b\u00e2timents et installations","robots":{"index":"index","follow":"follow","max-snippet":"max-snippet:-1","max-image-preview":"max-image-preview:large","max-video-preview":"max-video-preview:-1"},"canonical":"https:\/\/cg-proprete.fr\/?page_id=3","og_locale":"fr_FR","og_type":"article","og_title":"Mentions l\u00e9gales - CG propret\u00e9 - Nettoyage courant de vos b\u00e2timents et installations","og_description":"Editeur du Site :\u00a0CG PROPRET\u00c9 Si\u00e8ge social\u00a0:\u00a018 CHEMIN SANSOU Capital social\u00a0:\u00a01 000 euros RCS Toulouse\u00a0:\u00a0830 887 519 N\u00b0TVA intracommunautaire\u00a0:\u00a0FR25830887519 Email\u00a0:\u00a0cgproprete@gmail.com Num\u00e9ro de t\u00e9l\u00e9phone\u00a0:\u00a006.87.55.16.95 Directrice de la publication :\u00a0CAMILLE GASTON H\u00e9bergeur de l\u2019application :\u00a0OVH Si\u00e8ge social\u00a0: 2 rue Kerllmann, 59100 Roubaix Lieu d\u2019h\u00e9bergement des donn\u00e9es\u00a0:\u00a0France","og_url":"https:\/\/cg-proprete.fr\/?page_id=3","og_site_name":"CG propret\u00e9 - Nettoyage courant de vos b\u00e2timents et installations","article_modified_time":"2025-12-15T09:30:36+00:00","twitter_card":"summary_large_image","twitter_misc":{"Dur\u00e9e de lecture estim\u00e9e":"1 minute"},"schema":{"@context":"https:\/\/schema.org","@graph":[{"@type":"WebPage","@id":"https:\/\/cg-proprete.fr\/?page_id=3","url":"https:\/\/cg-proprete.fr\/?page_id=3","name":"Mentions l\u00e9gales - CG propret\u00e9 - Nettoyage courant de vos b\u00e2timents et installations","isPartOf":{"@id":"https:\/\/cg-proprete.fr\/#website"},"datePublished":"2025-11-25T15:45:23+00:00","dateModified":"2025-12-15T09:30:36+00:00","breadcrumb":{"@id":"https:\/\/cg-proprete.fr\/?page_id=3#breadcrumb"},"inLanguage":"fr-FR","potentialAction":[{"@type":"ReadAction","target":["https:\/\/cg-proprete.fr\/?page_id=3"]}]},{"@type":"BreadcrumbList","@id":"https:\/\/cg-proprete.fr\/?page_id=3#breadcrumb","itemListElement":[{"@type":"ListItem","position":1,"name":"Accueil","item":"https:\/\/cg-proprete.fr\/"},{"@type":"ListItem","position":2,"name":"Mentions l\u00e9gales"}]},{"@type":"WebSite","@id":"https:\/\/cg-proprete.fr\/#website","url":"https:\/\/cg-proprete.fr\/","name":"CG propret\u00e9","description":"Nettoyage courant de vos b\u00e2timents et installations","publisher":{"@id":"https:\/\/cg-proprete.fr\/#organization"},"potentialAction":[{"@type":"SearchAction","target":{"@type":"EntryPoint","urlTemplate":"https:\/\/cg-proprete.fr\/?s={search_term_string}"},"query-input":{"@type":"PropertyValueSpecification","valueRequired":true,"valueName":"search_term_string"}}],"inLanguage":"fr-FR"},{"@type":"Organization","@id":"https:\/\/cg-proprete.fr\/#organization","name":"CG propret\u00e9","url":"https:\/\/cg-proprete.fr\/","logo":{"@type":"ImageObject","inLanguage":"fr-FR","@id":"https:\/\/cg-proprete.fr\/#\/schema\/logo\/image\/","url":"https:\/\/cg-proprete.fr\/wp-content\/uploads\/2025\/11\/CG-PROPRETE-LOGO.png","contentUrl":"https:\/\/cg-proprete.fr\/wp-content\/uploads\/2025\/11\/CG-PROPRETE-LOGO.png","width":1156,"height":1207,"caption":"CG propret\u00e9"},"image":{"@id":"https:\/\/cg-proprete.fr\/#\/schema\/logo\/image\/"}}]}},"_links":{"self":[{"href":"https:\/\/cg-proprete.fr\/index.php?rest_route=\/wp\/v2\/pages\/3","targetHints":{"allow":["GET"]}}],"collection":[{"href":"https:\/\/cg-proprete.fr\/index.php?rest_route=\/wp\/v2\/pages"}],"about":[{"href":"https:\/\/cg-proprete.fr\/index.php?rest_route=\/wp\/v2\/types\/page"}],"author":[{"embeddable":true,"href":"https:\/\/cg-proprete.fr\/index.php?rest_route=\/wp\/v2\/users\/1"}],"replies":[{"embeddable":true,"href":"https:\/\/cg-proprete.fr\/index.php?rest_route=%2Fwp%2Fv2%2Fcomments&post=3"}],"version-history":[{"count":14,"href":"https:\/\/cg-proprete.fr\/index.php?rest_route=\/wp\/v2\/pages\/3\/revisions"}],"predecessor-version":[{"id":347,"href":"https:\/\/cg-proprete.fr\/index.php?rest_route=\/wp\/v2\/pages\/3\/revisions\/347"}],"wp:attachment":[{"href":"https:\/\/cg-proprete.fr\/index.php?rest_route=%2Fwp%2Fv2%2Fmedia&parent=3"}],"curies":[{"name":"wp","href":"https:\/\/api.w.org\/{rel}","templated":true}]}}